{"id":11773,"date":"2025-05-21T09:24:56","date_gmt":"2025-05-21T07:24:56","guid":{"rendered":"https:\/\/deltawater.es\/certifications-and-regulations\/"},"modified":"2025-05-21T09:24:56","modified_gmt":"2025-05-21T07:24:56","slug":"certifications-and-regulations","status":"publish","type":"page","link":"https:\/\/deltawater.es\/en\/certifications-and-regulations\/","title":{"rendered":"Certifications and regulations"},"content":{"rendered":"\t\t<div data-elementor-type=\"wp-page\" data-elementor-id=\"11773\" class=\"elementor elementor-11773 elementor-11767\">\n\t\t\t\t<div class=\"elementor-element elementor-element-c18f878 e-flex e-con-boxed e-con e-parent\" data-id=\"c18f878\" data-element_type=\"container\" data-e-type=\"container\">\n\t\t\t\t\t<div class=\"e-con-inner\">\n\t\t\t\t<div class=\"elementor-element elementor-element-1d087c64 elementor-widget elementor-widget-text-editor\" data-id=\"1d087c64\" data-element_type=\"widget\" data-e-type=\"widget\" data-widget_type=\"text-editor.default\">\n\t\t\t\t<div class=\"elementor-widget-container\">\n\t\t\t\t\t\t\t\t\t<h2>We are working on this page<\/h2>\n\t\t\t\t\t\t\t\t<\/div>\n\t\t\t\t<\/div>\n\t\t\t\t\t<\/div>\n\t\t\t\t<\/div>\n\t\t\t\t<\/div>\n\t\t","protected":false},"excerpt":{"rendered":"<p>We are working on this page<\/p>\n","protected":false},"author":1,"featured_media":0,"parent":0,"menu_order":0,"comment_status":"closed","ping_status":"closed","template":"","meta":{"footnotes":""},"class_list":["post-11773","page","type-page","status-publish","hentry"],"yoast_head":"<!-- This site is optimized with the Yoast SEO plugin v26.9 - https:\/\/yoast.com\/product\/yoast-seo-wordpress\/ -->\n<title>Certifications and regulations - Delta Water<\/title>\n<meta name=\"robots\" content=\"index, follow, max-snippet:-1, max-image-preview:large, max-video-preview:-1\" \/>\n<link rel=\"canonical\" href=\"https:\/\/deltawater.es\/certificaciones-y-normativas\/\" \/>\n<meta property=\"og:locale\" content=\"en_US\" \/>\n<meta property=\"og:type\" content=\"article\" \/>\n<meta property=\"og:title\" content=\"Certifications and regulations - Delta Water\" \/>\n<meta property=\"og:description\" content=\"We are working on this page\" \/>\n<meta property=\"og:url\" content=\"https:\/\/deltawater.es\/certificaciones-y-normativas\/\" \/>\n<meta property=\"og:site_name\" content=\"Delta Water\" \/>\n<meta name=\"twitter:card\" content=\"summary_large_image\" \/>\n<script type=\"application\/ld+json\" class=\"yoast-schema-graph\">{\"@context\":\"https:\/\/schema.org\",\"@graph\":[{\"@type\":\"WebPage\",\"@id\":\"https:\/\/deltawater.es\/certificaciones-y-normativas\/\",\"url\":\"https:\/\/deltawater.es\/certificaciones-y-normativas\/\",\"name\":\"Certifications and regulations - Delta Water\",\"isPartOf\":{\"@id\":\"https:\/\/deltawater.es\/#website\"},\"datePublished\":\"2025-05-21T07:24:56+00:00\",\"breadcrumb\":{\"@id\":\"https:\/\/deltawater.es\/certificaciones-y-normativas\/#breadcrumb\"},\"inLanguage\":\"en-US\",\"potentialAction\":[{\"@type\":\"ReadAction\",\"target\":[\"https:\/\/deltawater.es\/certificaciones-y-normativas\/\"]}]},{\"@type\":\"BreadcrumbList\",\"@id\":\"https:\/\/deltawater.es\/certificaciones-y-normativas\/#breadcrumb\",\"itemListElement\":[{\"@type\":\"ListItem\",\"position\":1,\"name\":\"Portada\",\"item\":\"https:\/\/deltawater.es\/en\/\"},{\"@type\":\"ListItem\",\"position\":2,\"name\":\"Certifications and regulations\"}]},{\"@type\":\"WebSite\",\"@id\":\"https:\/\/deltawater.es\/#website\",\"url\":\"https:\/\/deltawater.es\/\",\"name\":\"Delta Water\",\"description\":\"Decantaci\u00f3n lamelar para la eliminaci\u00f3n de los s\u00f3lidos sedimentables en el tratamiento de agua\",\"publisher\":{\"@id\":\"https:\/\/deltawater.es\/#organization\"},\"potentialAction\":[{\"@type\":\"SearchAction\",\"target\":{\"@type\":\"EntryPoint\",\"urlTemplate\":\"https:\/\/deltawater.es\/?s={search_term_string}\"},\"query-input\":{\"@type\":\"PropertyValueSpecification\",\"valueRequired\":true,\"valueName\":\"search_term_string\"}}],\"inLanguage\":\"en-US\"},{\"@type\":\"Organization\",\"@id\":\"https:\/\/deltawater.es\/#organization\",\"name\":\"Delta Water\",\"url\":\"https:\/\/deltawater.es\/\",\"logo\":{\"@type\":\"ImageObject\",\"inLanguage\":\"en-US\",\"@id\":\"https:\/\/deltawater.es\/#\/schema\/logo\/image\/\",\"url\":\"https:\/\/deltawater.es\/wp-content\/uploads\/2022\/05\/cropped-Axia-Dynamis-icon.png\",\"contentUrl\":\"https:\/\/deltawater.es\/wp-content\/uploads\/2022\/05\/cropped-Axia-Dynamis-icon.png\",\"width\":512,\"height\":512,\"caption\":\"Delta Water\"},\"image\":{\"@id\":\"https:\/\/deltawater.es\/#\/schema\/logo\/image\/\"}}]}<\/script>\n<!-- \/ Yoast SEO plugin. -->","yoast_head_json":{"title":"Certifications and regulations - Delta Water","robots":{"index":"index","follow":"follow","max-snippet":"max-snippet:-1","max-image-preview":"max-image-preview:large","max-video-preview":"max-video-preview:-1"},"canonical":"https:\/\/deltawater.es\/certificaciones-y-normativas\/","og_locale":"en_US","og_type":"article","og_title":"Certifications and regulations - Delta Water","og_description":"We are working on this page","og_url":"https:\/\/deltawater.es\/certificaciones-y-normativas\/","og_site_name":"Delta Water","twitter_card":"summary_large_image","schema":{"@context":"https:\/\/schema.org","@graph":[{"@type":"WebPage","@id":"https:\/\/deltawater.es\/certificaciones-y-normativas\/","url":"https:\/\/deltawater.es\/certificaciones-y-normativas\/","name":"Certifications and regulations - Delta Water","isPartOf":{"@id":"https:\/\/deltawater.es\/#website"},"datePublished":"2025-05-21T07:24:56+00:00","breadcrumb":{"@id":"https:\/\/deltawater.es\/certificaciones-y-normativas\/#breadcrumb"},"inLanguage":"en-US","potentialAction":[{"@type":"ReadAction","target":["https:\/\/deltawater.es\/certificaciones-y-normativas\/"]}]},{"@type":"BreadcrumbList","@id":"https:\/\/deltawater.es\/certificaciones-y-normativas\/#breadcrumb","itemListElement":[{"@type":"ListItem","position":1,"name":"Portada","item":"https:\/\/deltawater.es\/en\/"},{"@type":"ListItem","position":2,"name":"Certifications and regulations"}]},{"@type":"WebSite","@id":"https:\/\/deltawater.es\/#website","url":"https:\/\/deltawater.es\/","name":"Delta Water","description":"Decantaci\u00f3n lamelar para la eliminaci\u00f3n de los s\u00f3lidos sedimentables en el tratamiento de agua","publisher":{"@id":"https:\/\/deltawater.es\/#organization"},"potentialAction":[{"@type":"SearchAction","target":{"@type":"EntryPoint","urlTemplate":"https:\/\/deltawater.es\/?s={search_term_string}"},"query-input":{"@type":"PropertyValueSpecification","valueRequired":true,"valueName":"search_term_string"}}],"inLanguage":"en-US"},{"@type":"Organization","@id":"https:\/\/deltawater.es\/#organization","name":"Delta Water","url":"https:\/\/deltawater.es\/","logo":{"@type":"ImageObject","inLanguage":"en-US","@id":"https:\/\/deltawater.es\/#\/schema\/logo\/image\/","url":"https:\/\/deltawater.es\/wp-content\/uploads\/2022\/05\/cropped-Axia-Dynamis-icon.png","contentUrl":"https:\/\/deltawater.es\/wp-content\/uploads\/2022\/05\/cropped-Axia-Dynamis-icon.png","width":512,"height":512,"caption":"Delta Water"},"image":{"@id":"https:\/\/deltawater.es\/#\/schema\/logo\/image\/"}}]}},"_links":{"self":[{"href":"https:\/\/deltawater.es\/en\/wp-json\/wp\/v2\/pages\/11773","targetHints":{"allow":["GET"]}}],"collection":[{"href":"https:\/\/deltawater.es\/en\/wp-json\/wp\/v2\/pages"}],"about":[{"href":"https:\/\/deltawater.es\/en\/wp-json\/wp\/v2\/types\/page"}],"author":[{"embeddable":true,"href":"https:\/\/deltawater.es\/en\/wp-json\/wp\/v2\/users\/1"}],"replies":[{"embeddable":true,"href":"https:\/\/deltawater.es\/en\/wp-json\/wp\/v2\/comments?post=11773"}],"version-history":[{"count":1,"href":"https:\/\/deltawater.es\/en\/wp-json\/wp\/v2\/pages\/11773\/revisions"}],"predecessor-version":[{"id":11774,"href":"https:\/\/deltawater.es\/en\/wp-json\/wp\/v2\/pages\/11773\/revisions\/11774"}],"wp:attachment":[{"href":"https:\/\/deltawater.es\/en\/wp-json\/wp\/v2\/media?parent=11773"}],"curies":[{"name":"wp","href":"https:\/\/api.w.org\/{rel}","templated":true}]}}